{"id":36,"date":"2020-09-14T14:43:09","date_gmt":"2020-09-14T12:43:09","guid":{"rendered":"https:\/\/locations-mer-et-soleil.fr\/?page_id=36"},"modified":"2025-02-21T16:21:52","modified_gmt":"2025-02-21T15:21:52","slug":"contact","status":"publish","type":"page","link":"https:\/\/locations-mer-et-soleil.fr\/index.php\/contact\/","title":{"rendered":"Contact"},"content":{"rendered":"\t\t<div data-elementor-type=\"wp-page\" data-elementor-id=\"36\" class=\"elementor elementor-36\" data-elementor-settings=\"{&quot;ha_cmc_init_switcher&quot;:&quot;no&quot;}\">\n\t\t\t\t\t\t<section class=\"elementor-section elementor-top-section elementor-element elementor-element-bed3308 elementor-section-boxed elementor-section-height-default elementor-section-height-default\" data-id=\"bed3308\" data-element_type=\"section\" data-e-type=\"section\" data-settings=\"{&quot;background_background&quot;:&quot;classic&quot;,&quot;_ha_eqh_enable&quot;:false}\">\n\t\t\t\t\t\t\t<div class=\"elementor-background-overlay\"><\/div>\n\t\t\t\t\t\t\t<div class=\"elementor-container elementor-column-gap-default\">\n\t\t\t\t\t<div class=\"elementor-column elementor-col-50 elementor-top-column elementor-element elementor-element-454ba76\" data-id=\"454ba76\" data-element_type=\"column\" data-e-type=\"column\">\n\t\t\t<div class=\"elementor-widget-wrap elementor-element-populated\">\n\t\t\t\t\t\t<div class=\"elementor-element elementor-element-b868057 ha-has-bg-overlay elementor-widget elementor-widget-text-editor\" data-id=\"b868057\" data-element_type=\"widget\" data-e-type=\"widget\" data-widget_type=\"text-editor.default\">\n\t\t\t\t<div class=\"elementor-widget-container\">\n\t\t\t\t\t\t\t\t\t<h2 style=\"text-align: left;\">\u00a0Vous pouvez nous contacter:<\/h2><p style=\"text-align: center;\"><strong>Mail :<\/strong> mer.soleil@gmx.fr<strong> &#8211; <\/strong><strong>T\u00e9l\u00e9phone :<\/strong> 07 66 53 69 96<\/p>\t\t\t\t\t\t\t\t<\/div>\n\t\t\t\t<\/div>\n\t\t\t\t<div class=\"elementor-element elementor-element-a16969a elementor-widget elementor-widget-ha-cf7 happy-addon ha-cf7\" data-id=\"a16969a\" data-element_type=\"widget\" data-e-type=\"widget\" data-widget_type=\"ha-cf7.default\">\n\t\t\t\t<div class=\"elementor-widget-container\">\n\t\t\t\t\t\n<div class=\"wpcf7 no-js\" id=\"wpcf7-f5250-o1\" lang=\"fr-FR\" dir=\"ltr\" data-wpcf7-id=\"5250\">\n<div class=\"screen-reader-response\"><p role=\"status\" aria-live=\"polite\" aria-atomic=\"true\"><\/p> <ul><\/ul><\/div>\n<form action=\"\/index.php\/wp-json\/wp\/v2\/pages\/36#wpcf7-f5250-o1\" method=\"post\" class=\"wpcf7-form init ha-cf7-form\" aria-label=\"Formulaire de contact\" novalidate=\"novalidate\" data-status=\"init\">\n<fieldset class=\"hidden-fields-container\"><input type=\"hidden\" name=\"_wpcf7\" value=\"5250\" \/><input type=\"hidden\" name=\"_wpcf7_version\" value=\"6.1.5\" \/><input type=\"hidden\" name=\"_wpcf7_locale\" value=\"fr_FR\" \/><input type=\"hidden\" name=\"_wpcf7_unit_tag\" value=\"wpcf7-f5250-o1\" \/><input type=\"hidden\" name=\"_wpcf7_container_post\" value=\"0\" \/><input type=\"hidden\" name=\"_wpcf7_posted_data_hash\" value=\"\" \/>\n<\/fieldset>\n<p><label> Votre nom<br \/>\n<span class=\"wpcf7-form-control-wrap\" data-name=\"your-name\"><input size=\"40\" maxlength=\"400\" class=\"wpcf7-form-control wpcf7-text wpcf7-validates-as-required\" autocomplete=\"name\" aria-required=\"true\" aria-invalid=\"false\" value=\"\" type=\"text\" name=\"your-name\" \/><\/span> <\/label>\n<\/p>\n<p><label> Votre e-mail<br \/>\n<span class=\"wpcf7-form-control-wrap\" data-name=\"your-email\"><input size=\"40\" maxlength=\"400\" class=\"wpcf7-form-control wpcf7-email wpcf7-validates-as-required wpcf7-text wpcf7-validates-as-email\" autocomplete=\"email\" aria-required=\"true\" aria-invalid=\"false\" value=\"\" type=\"email\" name=\"your-email\" \/><\/span> <\/label>\n<\/p>\n<p><label> Objet<br \/>\n<span class=\"wpcf7-form-control-wrap\" data-name=\"your-subject\"><input size=\"40\" maxlength=\"400\" class=\"wpcf7-form-control wpcf7-text wpcf7-validates-as-required\" aria-required=\"true\" aria-invalid=\"false\" value=\"\" type=\"text\" name=\"your-subject\" \/><\/span> <\/label>\n<\/p>\n<p><label> Votre message (facultatif)<br \/>\n<span class=\"wpcf7-form-control-wrap\" data-name=\"your-message\"><textarea cols=\"40\" rows=\"10\" maxlength=\"2000\" class=\"wpcf7-form-control wpcf7-textarea\" aria-invalid=\"false\" name=\"your-message\"><\/textarea><\/span> <\/label>\n<\/p>\n<p><span id=\"fieeeld-container\" class=\"wpcf7-form-control-wrap honeypot-411-wrap\" ><input type=\"hidden\" name=\"honeypot-411-time-start\" value=\"1776654293\"><input type=\"hidden\" name=\"honeypot-411-time-check\" value=\"5\"><label for=\"fieeeld\" class=\"hp-message\">Veuillez laisser ce champ vide.<\/label><input id=\"fieeeld\"  placeholder=\"fieeeld\"  class=\"wpcf7-form-control wpcf7-text fieeeld\" type=\"text\" name=\"honeypot-411\" value=\"\" size=\"40\" tabindex=\"-1\" autocomplete=\"off\" \/><\/span><br \/>\n<input class=\"wpcf7-form-control wpcf7-submit has-spinner\" type=\"submit\" value=\"Envoyer\" \/>\n<\/p><div class=\"wpcf7-response-output\" aria-hidden=\"true\"><\/div>\n<\/form>\n<\/div>\n\t\t\t\t<\/div>\n\t\t\t\t<\/div>\n\t\t\t\t\t<\/div>\n\t\t<\/div>\n\t\t\t\t<div class=\"elementor-column elementor-col-50 elementor-top-column elementor-element elementor-element-c72ad5e\" data-id=\"c72ad5e\" data-element_type=\"column\" data-e-type=\"column\">\n\t\t\t<div class=\"elementor-widget-wrap elementor-element-populated\">\n\t\t\t\t\t\t<div class=\"elementor-element elementor-element-816bff7 elementor-widget elementor-widget-image\" data-id=\"816bff7\" data-element_type=\"widget\" data-e-type=\"widget\" data-widget_type=\"image.default\">\n\t\t\t\t<div class=\"elementor-widget-container\">\n\t\t\t\t\t\t\t\t\t\t\t\t\t\t\t<img decoding=\"async\" src=\"https:\/\/locations-mer-et-soleil.fr\/wp-content\/uploads\/elementor\/thumbs\/fondbis-ot6skbf95d74i0wc4s7xpal80bmf2io6ha3nc8a23k.png\" title=\"fondbis\" alt=\"fondbis\" loading=\"lazy\" \/>\t\t\t\t\t\t\t\t\t\t\t\t\t\t\t<\/div>\n\t\t\t\t<\/div>\n\t\t\t\t<div class=\"elementor-element elementor-element-72dd5a7 elementor-widget elementor-widget-text-editor\" data-id=\"72dd5a7\" data-element_type=\"widget\" data-e-type=\"widget\" data-widget_type=\"text-editor.default\">\n\t\t\t\t<div class=\"elementor-widget-container\">\n\t\t\t\t\t\t\t\t\t<p><span style=\"color: #1d4d6f;\"><strong>Si vous ne trouvez pas de r\u00e9ponse dans votre boite de r\u00e9ception, n&rsquo;h\u00e9sitez pas \u00e0 consulter vos ind\u00e9sirables ou vos spams.<\/strong><\/span><\/p>\t\t\t\t\t\t\t\t<\/div>\n\t\t\t\t<\/div>\n\t\t\t\t<div class=\"elementor-element elementor-element-9888734 elementor-widget elementor-widget-image\" data-id=\"9888734\" data-element_type=\"widget\" data-e-type=\"widget\" data-widget_type=\"image.default\">\n\t\t\t\t<div class=\"elementor-widget-container\">\n\t\t\t\t\t\t\t\t\t\t\t\t\t\t\t<img fetchpriority=\"high\" decoding=\"async\" width=\"450\" height=\"300\" src=\"https:\/\/locations-mer-et-soleil.fr\/wp-content\/uploads\/2020\/09\/450x300_carte_Vendee.jpg\" class=\"attachment-large size-large wp-image-165\" alt=\"\" srcset=\"https:\/\/locations-mer-et-soleil.fr\/wp-content\/uploads\/2020\/09\/450x300_carte_Vendee.jpg 450w, https:\/\/locations-mer-et-soleil.fr\/wp-content\/uploads\/2020\/09\/450x300_carte_Vendee-300x200.jpg 300w\" sizes=\"(max-width: 450px) 100vw, 450px\" \/>\t\t\t\t\t\t\t\t\t\t\t\t\t\t\t<\/div>\n\t\t\t\t<\/div>\n\t\t\t\t\t<\/div>\n\t\t<\/div>\n\t\t\t\t\t<\/div>\n\t\t<\/section>\n\t\t\t\t<section class=\"elementor-section elementor-top-section elementor-element elementor-element-417a324 elementor-section-boxed elementor-section-height-default elementor-section-height-default\" data-id=\"417a324\" data-element_type=\"section\" data-e-type=\"section\" data-settings=\"{&quot;_ha_eqh_enable&quot;:false}\">\n\t\t\t\t\t\t<div class=\"elementor-container elementor-column-gap-default\">\n\t\t\t\t\t<div class=\"elementor-column elementor-col-100 elementor-top-column elementor-element elementor-element-213406b\" data-id=\"213406b\" data-element_type=\"column\" data-e-type=\"column\">\n\t\t\t<div class=\"elementor-widget-wrap elementor-element-populated\">\n\t\t\t\t\t\t<div class=\"elementor-element elementor-element-7e9dc51 elementor-widget elementor-widget-html\" data-id=\"7e9dc51\" data-element_type=\"widget\" data-e-type=\"widget\" data-widget_type=\"html.default\">\n\t\t\t\t<div class=\"elementor-widget-container\">\n\t\t\t\t\t<iframe src=\"https:\/\/www.google.com\/maps\/d\/embed?mid=14MNHBHoaEmM8s3LzLx03P2xIad4\" width=\"640\" height=\"480\"><\/iframe>\t\t\t\t<\/div>\n\t\t\t\t<\/div>\n\t\t\t\t\t<\/div>\n\t\t<\/div>\n\t\t\t\t\t<\/div>\n\t\t<\/section>\n\t\t\t\t<section class=\"elementor-section elementor-top-section elementor-element elementor-element-716bd34 elementor-section-boxed elementor-section-height-default elementor-section-height-default\" data-id=\"716bd34\" data-element_type=\"section\" data-e-type=\"section\" data-settings=\"{&quot;background_background&quot;:&quot;gradient&quot;,&quot;_ha_eqh_enable&quot;:false}\">\n\t\t\t\t\t\t<div class=\"elementor-container elementor-column-gap-default\">\n\t\t\t\t\t<div class=\"elementor-column elementor-col-25 elementor-top-column elementor-element elementor-element-3ccae591\" data-id=\"3ccae591\" data-element_type=\"column\" data-e-type=\"column\">\n\t\t\t<div class=\"elementor-widget-wrap elementor-element-populated\">\n\t\t\t\t\t\t<div class=\"elementor-element elementor-element-57e58538 elementor-widget elementor-widget-text-editor\" data-id=\"57e58538\" data-element_type=\"widget\" data-e-type=\"widget\" data-widget_type=\"text-editor.default\">\n\t\t\t\t<div class=\"elementor-widget-container\">\n\t\t\t\t\t\t\t\t\t<p style=\"text-align: center;\"><img decoding=\"async\" class=\"alignnone wp-image-143\" src=\"https:\/\/locations-mer-et-soleil.fr\/wp-content\/uploads\/2020\/09\/ANCV-150x150.png\" alt=\"\" width=\"159\" height=\"170\" \/><\/p><p style=\"text-align: center;\"><b>Entreprise agr\u00e9\u00e9e <br \/>Ch\u00e8ques Vacances ANCV<\/b><\/p>\t\t\t\t\t\t\t\t<\/div>\n\t\t\t\t<\/div>\n\t\t\t\t\t<\/div>\n\t\t<\/div>\n\t\t\t\t<div class=\"elementor-column elementor-col-25 elementor-top-column elementor-element elementor-element-69a80d04\" data-id=\"69a80d04\" data-element_type=\"column\" data-e-type=\"column\">\n\t\t\t<div class=\"elementor-widget-wrap elementor-element-populated\">\n\t\t\t\t\t\t<div class=\"elementor-element elementor-element-41a1c139 elementor-widget elementor-widget-text-editor\" data-id=\"41a1c139\" data-element_type=\"widget\" data-e-type=\"widget\" data-widget_type=\"text-editor.default\">\n\t\t\t\t<div class=\"elementor-widget-container\">\n\t\t\t\t\t\t\t\t\t<p style=\"text-align: center;\"><img decoding=\"async\" class=\"wp-image-237 aligncenter\" src=\"https:\/\/locations-mer-et-soleil.fr\/wp-content\/uploads\/2020\/10\/suitcases-159590_640.png\" alt=\"\" width=\"142\" height=\"163\" \/><\/p><p style=\"text-align: center;\"><b>Location \u00e0 la demande \u00e0 partir d&rsquo;une nuit en fonction des h\u00e9bergements.<br \/><\/b><\/p>\t\t\t\t\t\t\t\t<\/div>\n\t\t\t\t<\/div>\n\t\t\t\t\t<\/div>\n\t\t<\/div>\n\t\t\t\t<div class=\"elementor-column elementor-col-25 elementor-top-column elementor-element elementor-element-1c0da32b\" data-id=\"1c0da32b\" data-element_type=\"column\" data-e-type=\"column\">\n\t\t\t<div class=\"elementor-widget-wrap elementor-element-populated\">\n\t\t\t\t\t\t<div class=\"elementor-element elementor-element-6cbbd8d0 elementor-widget elementor-widget-text-editor\" data-id=\"6cbbd8d0\" data-element_type=\"widget\" data-e-type=\"widget\" data-widget_type=\"text-editor.default\">\n\t\t\t\t<div class=\"elementor-widget-container\">\n\t\t\t\t\t\t\t\t\t<p><img loading=\"lazy\" decoding=\"async\" class=\"aligncenter wp-image-149 \" src=\"https:\/\/locations-mer-et-soleil.fr\/wp-content\/uploads\/2020\/09\/Sum-UP-1-150x150.png\" alt=\"\" width=\"121\" height=\"121\"><\/p>\n<p style=\"text-align: center;\"><strong>Paiements Esp\u00e8ces, Ch\u00e8ques<\/strong><br><strong>et Cartes S\u00e9curis\u00e9s. Aucun frais de dossier, paiement en plusieurs fois sans frais.<br><\/strong><\/p>\t\t\t\t\t\t\t\t<\/div>\n\t\t\t\t<\/div>\n\t\t\t\t\t<\/div>\n\t\t<\/div>\n\t\t\t\t<div class=\"elementor-column elementor-col-25 elementor-top-column elementor-element elementor-element-4cb7a8ad\" data-id=\"4cb7a8ad\" data-element_type=\"column\" data-e-type=\"column\">\n\t\t\t<div class=\"elementor-widget-wrap elementor-element-populated\">\n\t\t\t\t\t\t<div class=\"elementor-element elementor-element-1930d650 elementor-widget elementor-widget-text-editor\" data-id=\"1930d650\" data-element_type=\"widget\" data-e-type=\"widget\" data-widget_type=\"text-editor.default\">\n\t\t\t\t<div class=\"elementor-widget-container\">\n\t\t\t\t\t\t\t\t\t<p style=\"text-align: center;\"><strong><img loading=\"lazy\" decoding=\"async\" class=\"alignnone wp-image-145 \" src=\"https:\/\/locations-mer-et-soleil.fr\/wp-content\/uploads\/2020\/09\/lieu-e1600781401573-300x207.png\" alt=\"\" width=\"221\" height=\"152\" srcset=\"https:\/\/locations-mer-et-soleil.fr\/wp-content\/uploads\/2020\/09\/lieu-e1600781401573-300x207.png 300w, https:\/\/locations-mer-et-soleil.fr\/wp-content\/uploads\/2020\/09\/lieu-e1600781401573.png 458w\" sizes=\"(max-width: 221px) 100vw, 221px\" \/><br \/>Notre engagement : trouver des lieux exceptionnels pour vos vacances.<\/strong><\/p>\t\t\t\t\t\t\t\t<\/div>\n\t\t\t\t<\/div>\n\t\t\t\t\t<\/div>\n\t\t<\/div>\n\t\t\t\t\t<\/div>\n\t\t<\/section>\n\t\t\t\t<\/div>\n\t\t","protected":false},"excerpt":{"rendered":"<p>\u00a0Vous pouvez nous contacter: Mail : mer.soleil@gmx.fr &#8211; T\u00e9l\u00e9phone : 07 66 53 69 96 Votre nom Votre e-mail Objet Votre message (facultatif) Si vous ne trouvez pas de r\u00e9ponse dans votre boite de r\u00e9ception, n&rsquo;h\u00e9sitez pas \u00e0 consulter vos ind\u00e9sirables ou vos spams. Entreprise agr\u00e9\u00e9e Ch\u00e8ques Vacances ANCV Location \u00e0 la demande \u00e0 partir [&hellip;]<\/p>\n","protected":false},"author":1,"featured_media":0,"parent":0,"menu_order":4,"comment_status":"closed","ping_status":"closed","template":"","meta":{"om_disable_all_campaigns":false,"_monsterinsights_skip_tracking":false,"_monsterinsights_sitenote_active":false,"_monsterinsights_sitenote_note":"","_monsterinsights_sitenote_category":0,"footnotes":""},"class_list":["post-36","page","type-page","status-publish","hentry"],"yoast_head":"<!-- This site is optimized with the Yoast SEO plugin v26.8 - https:\/\/yoast.com\/product\/yoast-seo-wordpress\/ -->\n<title>Contact - Mer et Soleil<\/title>\n<meta name=\"robots\" content=\"index, follow, max-snippet:-1, max-image-preview:large, max-video-preview:-1\" \/>\n<link rel=\"canonical\" href=\"https:\/\/locations-mer-et-soleil.fr\/index.php\/contact\/\" \/>\n<meta property=\"og:locale\" content=\"fr_FR\" \/>\n<meta property=\"og:type\" content=\"article\" \/>\n<meta property=\"og:title\" content=\"Contact - Mer et Soleil\" \/>\n<meta property=\"og:description\" content=\"\u00a0Vous pouvez nous contacter: Mail : mer.soleil@gmx.fr &#8211; T\u00e9l\u00e9phone : 07 66 53 69 96 Votre nom Votre e-mail Objet Votre message (facultatif) Si vous ne trouvez pas de r\u00e9ponse dans votre boite de r\u00e9ception, n&rsquo;h\u00e9sitez pas \u00e0 consulter vos ind\u00e9sirables ou vos spams. Entreprise agr\u00e9\u00e9e Ch\u00e8ques Vacances ANCV Location \u00e0 la demande \u00e0 partir [&hellip;]\" \/>\n<meta property=\"og:url\" content=\"https:\/\/locations-mer-et-soleil.fr\/index.php\/contact\/\" \/>\n<meta property=\"og:site_name\" content=\"Mer et Soleil\" \/>\n<meta property=\"article:modified_time\" content=\"2025-02-21T15:21:52+00:00\" \/>\n<meta property=\"og:image\" content=\"https:\/\/locations-mer-et-soleil.fr\/wp-content\/uploads\/elementor\/thumbs\/fondbis-ot6skbf95d74i0wc4s7xpal80bmf2io6ha3nc8a23k.png\" \/>\n<meta name=\"twitter:card\" content=\"summary_large_image\" \/>\n<meta name=\"twitter:label1\" content=\"Dur\u00e9e de lecture estim\u00e9e\" \/>\n\t<meta name=\"twitter:data1\" content=\"2 minutes\" \/>\n<script type=\"application\/ld+json\" class=\"yoast-schema-graph\">{\"@context\":\"https:\/\/schema.org\",\"@graph\":[{\"@type\":\"WebPage\",\"@id\":\"https:\/\/locations-mer-et-soleil.fr\/index.php\/contact\/\",\"url\":\"https:\/\/locations-mer-et-soleil.fr\/index.php\/contact\/\",\"name\":\"Contact - Mer et Soleil\",\"isPartOf\":{\"@id\":\"https:\/\/locations-mer-et-soleil.fr\/#website\"},\"primaryImageOfPage\":{\"@id\":\"https:\/\/locations-mer-et-soleil.fr\/index.php\/contact\/#primaryimage\"},\"image\":{\"@id\":\"https:\/\/locations-mer-et-soleil.fr\/index.php\/contact\/#primaryimage\"},\"thumbnailUrl\":\"https:\/\/locations-mer-et-soleil.fr\/wp-content\/uploads\/elementor\/thumbs\/fondbis-ot6skbf95d74i0wc4s7xpal80bmf2io6ha3nc8a23k.png\",\"datePublished\":\"2020-09-14T12:43:09+00:00\",\"dateModified\":\"2025-02-21T15:21:52+00:00\",\"breadcrumb\":{\"@id\":\"https:\/\/locations-mer-et-soleil.fr\/index.php\/contact\/#breadcrumb\"},\"inLanguage\":\"fr-FR\",\"potentialAction\":[{\"@type\":\"ReadAction\",\"target\":[\"https:\/\/locations-mer-et-soleil.fr\/index.php\/contact\/\"]}]},{\"@type\":\"ImageObject\",\"inLanguage\":\"fr-FR\",\"@id\":\"https:\/\/locations-mer-et-soleil.fr\/index.php\/contact\/#primaryimage\",\"url\":\"https:\/\/locations-mer-et-soleil.fr\/wp-content\/uploads\/elementor\/thumbs\/fondbis-ot6skbf95d74i0wc4s7xpal80bmf2io6ha3nc8a23k.png\",\"contentUrl\":\"https:\/\/locations-mer-et-soleil.fr\/wp-content\/uploads\/elementor\/thumbs\/fondbis-ot6skbf95d74i0wc4s7xpal80bmf2io6ha3nc8a23k.png\"},{\"@type\":\"BreadcrumbList\",\"@id\":\"https:\/\/locations-mer-et-soleil.fr\/index.php\/contact\/#breadcrumb\",\"itemListElement\":[{\"@type\":\"ListItem\",\"position\":1,\"name\":\"Accueil\",\"item\":\"https:\/\/locations-mer-et-soleil.fr\/\"},{\"@type\":\"ListItem\",\"position\":2,\"name\":\"Contact\"}]},{\"@type\":\"WebSite\",\"@id\":\"https:\/\/locations-mer-et-soleil.fr\/#website\",\"url\":\"https:\/\/locations-mer-et-soleil.fr\/\",\"name\":\"Mer et Soleil\",\"description\":\"Locations de vacances en Vend\u00e9e. MOBIL-HOME, APPARTEMENT, MAISON.\",\"publisher\":{\"@id\":\"https:\/\/locations-mer-et-soleil.fr\/#organization\"},\"potentialAction\":[{\"@type\":\"SearchAction\",\"target\":{\"@type\":\"EntryPoint\",\"urlTemplate\":\"https:\/\/locations-mer-et-soleil.fr\/?s={search_term_string}\"},\"query-input\":{\"@type\":\"PropertyValueSpecification\",\"valueRequired\":true,\"valueName\":\"search_term_string\"}}],\"inLanguage\":\"fr-FR\"},{\"@type\":\"Organization\",\"@id\":\"https:\/\/locations-mer-et-soleil.fr\/#organization\",\"name\":\"Mer et Soleil\",\"url\":\"https:\/\/locations-mer-et-soleil.fr\/\",\"logo\":{\"@type\":\"ImageObject\",\"inLanguage\":\"fr-FR\",\"@id\":\"https:\/\/locations-mer-et-soleil.fr\/#\/schema\/logo\/image\/\",\"url\":\"https:\/\/locations-mer-et-soleil.fr\/wp-content\/uploads\/2020\/07\/pc.png\",\"contentUrl\":\"https:\/\/locations-mer-et-soleil.fr\/wp-content\/uploads\/2020\/07\/pc.png\",\"width\":537,\"height\":170,\"caption\":\"Mer et Soleil\"},\"image\":{\"@id\":\"https:\/\/locations-mer-et-soleil.fr\/#\/schema\/logo\/image\/\"}}]}<\/script>\n<!-- \/ Yoast SEO plugin. -->","yoast_head_json":{"title":"Contact - Mer et Soleil","robots":{"index":"index","follow":"follow","max-snippet":"max-snippet:-1","max-image-preview":"max-image-preview:large","max-video-preview":"max-video-preview:-1"},"canonical":"https:\/\/locations-mer-et-soleil.fr\/index.php\/contact\/","og_locale":"fr_FR","og_type":"article","og_title":"Contact - Mer et Soleil","og_description":"\u00a0Vous pouvez nous contacter: Mail : mer.soleil@gmx.fr &#8211; T\u00e9l\u00e9phone : 07 66 53 69 96 Votre nom Votre e-mail Objet Votre message (facultatif) Si vous ne trouvez pas de r\u00e9ponse dans votre boite de r\u00e9ception, n&rsquo;h\u00e9sitez pas \u00e0 consulter vos ind\u00e9sirables ou vos spams. Entreprise agr\u00e9\u00e9e Ch\u00e8ques Vacances ANCV Location \u00e0 la demande \u00e0 partir [&hellip;]","og_url":"https:\/\/locations-mer-et-soleil.fr\/index.php\/contact\/","og_site_name":"Mer et Soleil","article_modified_time":"2025-02-21T15:21:52+00:00","og_image":[{"url":"https:\/\/locations-mer-et-soleil.fr\/wp-content\/uploads\/elementor\/thumbs\/fondbis-ot6skbf95d74i0wc4s7xpal80bmf2io6ha3nc8a23k.png","type":"","width":"","height":""}],"twitter_card":"summary_large_image","twitter_misc":{"Dur\u00e9e de lecture estim\u00e9e":"2 minutes"},"schema":{"@context":"https:\/\/schema.org","@graph":[{"@type":"WebPage","@id":"https:\/\/locations-mer-et-soleil.fr\/index.php\/contact\/","url":"https:\/\/locations-mer-et-soleil.fr\/index.php\/contact\/","name":"Contact - Mer et Soleil","isPartOf":{"@id":"https:\/\/locations-mer-et-soleil.fr\/#website"},"primaryImageOfPage":{"@id":"https:\/\/locations-mer-et-soleil.fr\/index.php\/contact\/#primaryimage"},"image":{"@id":"https:\/\/locations-mer-et-soleil.fr\/index.php\/contact\/#primaryimage"},"thumbnailUrl":"https:\/\/locations-mer-et-soleil.fr\/wp-content\/uploads\/elementor\/thumbs\/fondbis-ot6skbf95d74i0wc4s7xpal80bmf2io6ha3nc8a23k.png","datePublished":"2020-09-14T12:43:09+00:00","dateModified":"2025-02-21T15:21:52+00:00","breadcrumb":{"@id":"https:\/\/locations-mer-et-soleil.fr\/index.php\/contact\/#breadcrumb"},"inLanguage":"fr-FR","potentialAction":[{"@type":"ReadAction","target":["https:\/\/locations-mer-et-soleil.fr\/index.php\/contact\/"]}]},{"@type":"ImageObject","inLanguage":"fr-FR","@id":"https:\/\/locations-mer-et-soleil.fr\/index.php\/contact\/#primaryimage","url":"https:\/\/locations-mer-et-soleil.fr\/wp-content\/uploads\/elementor\/thumbs\/fondbis-ot6skbf95d74i0wc4s7xpal80bmf2io6ha3nc8a23k.png","contentUrl":"https:\/\/locations-mer-et-soleil.fr\/wp-content\/uploads\/elementor\/thumbs\/fondbis-ot6skbf95d74i0wc4s7xpal80bmf2io6ha3nc8a23k.png"},{"@type":"BreadcrumbList","@id":"https:\/\/locations-mer-et-soleil.fr\/index.php\/contact\/#breadcrumb","itemListElement":[{"@type":"ListItem","position":1,"name":"Accueil","item":"https:\/\/locations-mer-et-soleil.fr\/"},{"@type":"ListItem","position":2,"name":"Contact"}]},{"@type":"WebSite","@id":"https:\/\/locations-mer-et-soleil.fr\/#website","url":"https:\/\/locations-mer-et-soleil.fr\/","name":"Mer et Soleil","description":"Locations de vacances en Vend\u00e9e. MOBIL-HOME, APPARTEMENT, MAISON.","publisher":{"@id":"https:\/\/locations-mer-et-soleil.fr\/#organization"},"potentialAction":[{"@type":"SearchAction","target":{"@type":"EntryPoint","urlTemplate":"https:\/\/locations-mer-et-soleil.fr\/?s={search_term_string}"},"query-input":{"@type":"PropertyValueSpecification","valueRequired":true,"valueName":"search_term_string"}}],"inLanguage":"fr-FR"},{"@type":"Organization","@id":"https:\/\/locations-mer-et-soleil.fr\/#organization","name":"Mer et Soleil","url":"https:\/\/locations-mer-et-soleil.fr\/","logo":{"@type":"ImageObject","inLanguage":"fr-FR","@id":"https:\/\/locations-mer-et-soleil.fr\/#\/schema\/logo\/image\/","url":"https:\/\/locations-mer-et-soleil.fr\/wp-content\/uploads\/2020\/07\/pc.png","contentUrl":"https:\/\/locations-mer-et-soleil.fr\/wp-content\/uploads\/2020\/07\/pc.png","width":537,"height":170,"caption":"Mer et Soleil"},"image":{"@id":"https:\/\/locations-mer-et-soleil.fr\/#\/schema\/logo\/image\/"}}]}},"_links":{"self":[{"href":"https:\/\/locations-mer-et-soleil.fr\/index.php\/wp-json\/wp\/v2\/pages\/36","targetHints":{"allow":["GET"]}}],"collection":[{"href":"https:\/\/locations-mer-et-soleil.fr\/index.php\/wp-json\/wp\/v2\/pages"}],"about":[{"href":"https:\/\/locations-mer-et-soleil.fr\/index.php\/wp-json\/wp\/v2\/types\/page"}],"author":[{"embeddable":true,"href":"https:\/\/locations-mer-et-soleil.fr\/index.php\/wp-json\/wp\/v2\/users\/1"}],"replies":[{"embeddable":true,"href":"https:\/\/locations-mer-et-soleil.fr\/index.php\/wp-json\/wp\/v2\/comments?post=36"}],"version-history":[{"count":51,"href":"https:\/\/locations-mer-et-soleil.fr\/index.php\/wp-json\/wp\/v2\/pages\/36\/revisions"}],"predecessor-version":[{"id":5253,"href":"https:\/\/locations-mer-et-soleil.fr\/index.php\/wp-json\/wp\/v2\/pages\/36\/revisions\/5253"}],"wp:attachment":[{"href":"https:\/\/locations-mer-et-soleil.fr\/index.php\/wp-json\/wp\/v2\/media?parent=36"}],"curies":[{"name":"wp","href":"https:\/\/api.w.org\/{rel}","templated":true}]}}