{"id":1486,"date":"2020-11-17T16:15:58","date_gmt":"2020-11-17T15:15:58","guid":{"rendered":"https:\/\/locations-mer-et-soleil.fr\/?page_id=1486"},"modified":"2020-12-02T16:45:18","modified_gmt":"2020-12-02T15:45:18","slug":"confidentialite-rgpd","status":"publish","type":"page","link":"https:\/\/locations-mer-et-soleil.fr\/index.php\/confidentialite-rgpd\/","title":{"rendered":"Confidentialit\u00e9 &#038; RGPD"},"content":{"rendered":"\t\t<div data-elementor-type=\"wp-page\" data-elementor-id=\"1486\" class=\"elementor elementor-1486\" data-elementor-settings=\"{&quot;ha_cmc_init_switcher&quot;:&quot;no&quot;}\">\n\t\t\t\t\t\t<section class=\"elementor-section elementor-top-section elementor-element elementor-element-3bdf025 elementor-section-boxed elementor-section-height-default elementor-section-height-default\" data-id=\"3bdf025\" data-element_type=\"section\" data-e-type=\"section\" data-settings=\"{&quot;background_background&quot;:&quot;classic&quot;,&quot;_ha_eqh_enable&quot;:false}\">\n\t\t\t\t\t\t<div class=\"elementor-container elementor-column-gap-default\">\n\t\t\t\t\t<div class=\"elementor-column elementor-col-100 elementor-top-column elementor-element elementor-element-6fc944f\" data-id=\"6fc944f\" data-element_type=\"column\" data-e-type=\"column\">\n\t\t\t<div class=\"elementor-widget-wrap elementor-element-populated\">\n\t\t\t\t\t\t<div class=\"elementor-element elementor-element-563e1e0 elementor-widget elementor-widget-text-editor\" data-id=\"563e1e0\" data-element_type=\"widget\" data-e-type=\"widget\" data-widget_type=\"text-editor.default\">\n\t\t\t\t<div class=\"elementor-widget-container\">\n\t\t\t\t\t\t\t\t\t<h2 style=\"text-align: justify;\">Politique de confidentialit\u00e9 : R\u00e8glement G\u00e9n\u00e9ral sur la <br \/>Protection des Donn\u00e9es (RGPD) Mer-et-soleil.fr<\/h2><p style=\"text-align: justify;\"><b>L\u2019entreprise \u00abMer et Soleil\u00bb<\/b> porte une attention particuli\u00e8re au respect de la vie priv\u00e9e de ses clients et prospects, des utilisateurs du site Internet Mer-et-soleil.fr et de la confidentialit\u00e9 de leurs donn\u00e9es personnelles.<\/p><p style=\"text-align: justify;\"><b>L\u2019entreprise \u00abMer et Soleil\u00bb<\/b> s\u2019engage \u00e0 traiter les donn\u00e9es qu&rsquo;elle collecte et traite, dans le respect des lois et r\u00e8glementations applicables tels que la loi n\u00b0 78-17 du 6 janvier 1978 relative \u00e0 l&rsquo;informatique, aux fichiers et aux libert\u00e9s et du r\u00e8glement relatif \u00e0 la protection des personnes physiques \u00e0 l&rsquo;\u00e9gard du traitement des donn\u00e9es \u00e0 caract\u00e8re personnel et \u00e0 la libre circulation de ces donn\u00e9es, et abrogeant la directive 95\/46\/CE (r\u00e8glement g\u00e9n\u00e9ral sur la protection des donn\u00e9es : RGPD).<\/p><h3 style=\"text-align: justify;\">ARTICLE 1 : D\u00e9finitions<\/h3><p style=\"text-align: justify;\">Donn\u00e9e personnelle : toute information relative \u00e0 une personne physique susceptible d&rsquo;\u00eatre identifi\u00e9e, directement ou indirectement.<\/p><p style=\"text-align: justify;\">Traitement de donn\u00e9e personnelle : Toute op\u00e9ration, ou ensemble d\u2019op\u00e9rations, portant sur de telles donn\u00e9es, quel que soit le proc\u00e9d\u00e9 utilis\u00e9 (collecte, enregistrement, organisation, conservation, adaptation, modification, extraction, consultation, utilisation, communication par transmission diffusion ou toute autre forme de mise \u00e0 disposition, rapprochement ou interconnexion, verrouillage, effacement ou destruction, &#8230;).<\/p><p style=\"text-align: justify;\">Cookie : Un cookie est un petit fichier informatique, un traceur, d\u00e9pos\u00e9 et lu par exemple lors de la consultation d&rsquo;un site Internet, de la lecture d&rsquo;un courrier \u00e9lectronique, de l&rsquo;installation ou de l&rsquo;utilisation d&rsquo;un logiciel ou d&rsquo;une application mobile et ce, quel que soit le type de terminal utilis\u00e9 (ordinateur, smartphone, liseuse num\u00e9rique, console de jeux vid\u00e9os connect\u00e9e \u00e0 Internet, etc.).<\/p><h3 style=\"text-align: justify;\">ARTICLE 2 : Responsable de Traitement et de la Protection des Donn\u00e9es<\/h3><p style=\"text-align: justify;\">Le responsable du traitement des donn\u00e9es personnelles vis\u00e9es aux pr\u00e9sentes est Fran\u00e7ois OUMERICH, g\u00e9rant de <b>L\u2019entreprise \u00abMer et Soleil\u00bb<\/b>, dont le si\u00e8ge social est situ\u00e9 13 rue du Marais, 85300 LE PERRIER &#8211; SIREN 538 675 885 &#8211; APE 7739Z, joignable via la page de contact du site <b>mer-et-soleil.fr<\/b><\/p><h3 style=\"text-align: justify;\">ARTICLE 3 : Donn\u00e9es collect\u00e9es<\/h3><p style=\"text-align: justify;\">Nous collectons les renseignements suivants :<\/p><p style=\"text-align: justify;\">\u2022 Votre civilit\u00e9<br \/>\u2022 Nom<br \/>\u2022 Pr\u00e9nom<br \/>\u2022 Num\u00e9ro de t\u00e9l\u00e9phone<br \/>\u2022 Adresse email<br \/>\u2022 Adresse postale<br \/>\u2022 Pays de r\u00e9sidence<br \/>\u2022 URL d&rsquo;inscription<br \/>\u2022 Adresse IP de l&rsquo;utilisateur<br \/>\u2022 Date de connexion<br \/>\u2022 Logement sur lequel porte la demande de r\u00e9servation<\/p><p style=\"text-align: justify;\">Les renseignements personnels sont collect\u00e9s au travers de formulaires et gr\u00e2ce \u00e0 l&rsquo;interactivit\u00e9 \u00e9tablie entre vous et notre site Internet mer-et-soleil.fr. Nous utilisons \u00e9galement des fichiers t\u00e9moins, cookies et\/ou journaux pour r\u00e9unir des informations vous concernant.<\/p><h3 style=\"text-align: justify;\">ARTICLE 4 : Finalit\u00e9s du traitement des donn\u00e9es collect\u00e9es<\/h3><p style=\"text-align: justify;\">Nous utilisons les donn\u00e9es ainsi collect\u00e9es pour les finalit\u00e9s suivantes :<\/p><p style=\"text-align: justify;\">\u2022 R\u00e9servation de location<br \/>\u2022 Informations \/ Offres promotionnelles<br \/>\u2022 Service client<br \/>\u2022 Mise \u00e0 jour produits<br \/>\u2022 Statistiques<br \/>\u2022 Contact<br \/>\u2022 Prospection commerciale n\u00e9cessaire \u00e0 l&rsquo;activit\u00e9 de l&rsquo;entreprise<br \/>\u2022 Gestion des sites Internet (pr\u00e9sentation, organisation)<br \/>\u2022 Respect des lois fiscales et r\u00e8gles comptables<\/p><h3 style=\"text-align: justify;\">ARTICLE 5 : Destinataires des donn\u00e9es &#8211; sous-traitants<\/h3><p style=\"text-align: justify;\">Les donn\u00e9es personnelles collect\u00e9es sont exclusivement destin\u00e9es \u00e0 \u00eatre exploit\u00e9es par L\u2019entreprise \u00ab Mer et Soleil \u00bb. Cependant, celles-ci peuvent \u00eatre transmises \u00e0 nos sous-traitant list\u00e9s ci-dessous :<\/p><p style=\"text-align: justify;\">En cas d&rsquo;activit\u00e9s ill\u00e9gales, de soup\u00e7ons d&rsquo;activit\u00e9s ill\u00e9gales ou \u00e0 des fins d&rsquo;enqu\u00eates, de r\u00e9quisitions judiciaires, vos donn\u00e9es personnelles peuvent \u00eatre transmises, sur demande, aux autorit\u00e9s judiciaires ou de contr\u00f4le : police, gendarmerie, magistrat, direction d\u00e9partementale de la protection des populations (ex DGCCRF), services fiscaux ou sociaux, etc &#8230;<br \/>Les donn\u00e9es personnelles collect\u00e9es et trait\u00e9es directement par <b>L\u2019entreprise \u00ab Mer et Soleil \u00bb<\/b> sont exclusivement stock\u00e9es en France, dans les bases de donn\u00e9es des serveurs de la soci\u00e9t\u00e9 OVH.<\/p><p style=\"text-align: justify;\">Sous-traitants situ\u00e9s dans l&rsquo;UE<\/p><p style=\"text-align: justify;\">H\u00e9bergeur <b>OVH<\/b> : SAS au capital de 10 069 020 \u20ac<br \/>RCS Lille M\u00e9tropole 424 761 419 00045<br \/>Code APE 2620Z<br \/>N\u00b0 TVA : FR 22 424 761 419<br \/>Si\u00e8ge social : 2 rue Kellermann &#8211; 59100 Roubaix &#8211; France<br \/>Webmaster : Eva ERCEAU &amp; Dan GIRAUD<\/p><p style=\"text-align: justify;\">Sous-traitants situ\u00e9s \u00e0 l&rsquo;ext\u00e9rieur de l&rsquo;UE<\/p><p style=\"text-align: justify;\">Google + : Google LLC &#8211; 1600 Amphitheatre Parkway &#8211; Mountain View, CA 94043 &#8211; USA<\/p><p style=\"text-align: justify;\">Les transferts de donn\u00e9es personnelles en dehors de l&rsquo;Union Europ\u00e9enne ne seront effectu\u00e9s que vers des pays dont le niveau de s\u00e9curit\u00e9 des donn\u00e9es personnelles est reconnu par l&rsquo;Union Europ\u00e9enne comme \u00e9quivalent \u00e0 celui des pays de l&rsquo;Union Europ\u00e9enne.<\/p><h3 style=\"text-align: justify;\">ARTICLE 6 : Dur\u00e9es de conservation des donn\u00e9es<\/h3><p style=\"text-align: justify;\">La dur\u00e9e de conservation des donn\u00e9es personnelles dont la finalit\u00e9 est l\u2019information et le relai d\u2019offres commerciales est de 3 ans apr\u00e8s la derni\u00e8re connexion d\u00e9tect\u00e9e avec le site et les emails (ouverture ou clic).<\/p><p style=\"text-align: justify;\">Les donn\u00e9es personnelles sont conserv\u00e9es durant 3 ans apr\u00e8s la relation commerciale \u00e9tablie avec un client dans nos bases de donn\u00e9es informatiques, puis durant la dur\u00e9e l\u00e9gale en vigueur au sein de nos document ou bases de donn\u00e9es comptables.<\/p><p style=\"text-align: justify;\">Les donn\u00e9es sur les transactions sont conserv\u00e9es pour une dur\u00e9e de 10 ans suivant la date de la derni\u00e8re transaction.<\/p><h3 style=\"text-align: justify;\">ARTICLE 7 : S\u00e9curit\u00e9<\/h3><p style=\"text-align: justify;\"><b>L\u2019entreprise \u00ab Mer et Soleil \u00bb<\/b>. prend toutes les mesures n\u00e9cessaires pour assurer la s\u00e9curit\u00e9 des donn\u00e9es personnelles qu&rsquo;elle collecte. Aucune donn\u00e9e personnelle n&rsquo;est stock\u00e9e au sein des locaux de l\u2019entreprise \u00ab Mer et Soleil \u00bb.. Les donn\u00e9es recueillies sont h\u00e9berg\u00e9es par nos sous-traitants sp\u00e9cialis\u00e9s (h\u00e9bergeur web, syst\u00e8me de paiement, comptabilit\u00e9).<\/p><p style=\"text-align: justify;\">L&rsquo;acc\u00e8s aux serveurs ou aux bases de donn\u00e9es s\u00e9curis\u00e9es g\u00e9r\u00e9s directement par <b>l\u2019entreprise \u00ab Mer et Soleil \u00bb<\/b>. font l&rsquo;objet d&rsquo;un mot de passe fort, d&rsquo;une connexion crypt\u00e9e de type ssl \/ https. Les serveurs sont h\u00e9berg\u00e9s dans des datacenters de la soci\u00e9t\u00e9 OVH qui poss\u00e8de ses propres serveurs, switchs et routeurs.<\/p><h3 style=\"text-align: justify;\">ARTICLE 8 : Vos Droits<\/h3><p style=\"text-align: justify;\">Nous nous engageons \u00e0 vous garantir un droit d&rsquo;acc\u00e8s et de portabilit\u00e9, d&rsquo;opposition, de limitation et d&rsquo;effacement de vos donn\u00e9es personnelles Le droit d&rsquo;acc\u00e8s est la possibilit\u00e9 de savoir si nous d\u00e9tenons des donn\u00e9es vous concernant, le contenu de ces donn\u00e9es et les finalit\u00e9s associ\u00e9es. Ces informations vous seront communiqu\u00e9es sur simple demande via notre page de contact. Le droit de portabilit\u00e9 est la possibilit\u00e9 d&rsquo;obtenir les donn\u00e9es vous concernant dans un format informatique fr\u00e9quement utilis\u00e9 (json, csv, tableur, &#8230;) ainsi que le droit de transf\u00e9rer ces donn\u00e9es \u00e0 un tiers. Le droit d&rsquo;opposition est la possibilit\u00e9 de refuser que vos donn\u00e9es personnelles soient utilis\u00e9es \u00e0 certaines fins mentionn\u00e9es lors de la collecte. Le droit de limitation est la possibilit\u00e9 de restreindre le traitement automatique des donn\u00e9es que vous nous avez communiqu\u00e9es. Le droit d&rsquo;effacement est la possibilit\u00e9 de demander \u00e0 ce que vos donn\u00e9es personnelles ne figurent plus dans nos listes.<\/p><p style=\"text-align: justify;\">Pour exercer vos droits, veuillez nous envoyer un message via notre page de contact. En cas de contestation, vous pouvez exercer un recours aupr\u00e8s de la CNIL, l&rsquo;autorit\u00e9 de contr\u00f4le en la mati\u00e8re.<\/p><h3 style=\"text-align: justify;\">ARTICLE 9 : Information en cas de vol de donn\u00e9es<\/h3><p style=\"text-align: justify;\">Si malgr\u00e9 toutes les protections mises en oeuvre par l\u2019entreprise \u00ab <strong>Mer et Soleil<\/strong> \u00bb. et ses sous-traitants, certaines de vos donn\u00e9es personnelles \u00e9taient d\u00e9rob\u00e9es, compromises ou supprim\u00e9es, <b>l\u2019entreprise \u00ab Mer et Soleil \u00bb<\/b>\u00a0s&rsquo;engage \u00e0 vous en informer dans les d\u00e9lais l\u00e9gaux et selon les exigences l\u00e9gales en vigueur.<br \/>Cette obligation d&rsquo;information l\u00e9gale ne peut \u00eatre interpr\u00e9t\u00e9e comme une reconnaissance de responsabilit\u00e9 ou de n\u00e9gligence de la part de l\u2019entreprise \u00ab Mer et Soleil \u00bb. ou de ses sous-traitants.<\/p><h3 style=\"text-align: justify;\">ARTICLE 10 : Modification de notre politique de confidentialit\u00e9<\/h3><p style=\"text-align: justify;\"><b>L\u2019entreprise \u00ab Mer et Soleil \u00bb<\/b>. se r\u00e9serve le droit de faire \u00e9voluer la pr\u00e9sente politique de confidentialit\u00e9 \u00e0 tout moment, notamment en application des changements apport\u00e9s aux lois et r\u00e8glementations en vigueur. Les modifications apport\u00e9es vous seront notifi\u00e9es via notre site Internet ou par email. Vous pouvez \u00e0 tout moment prendre connaissance de notre politique de confidentialit\u00e9 concernant vos donn\u00e9es personnelles en acc\u00e9dant \u00e0 ce document.<\/p><h3 style=\"text-align: justify;\">ARTICLE 11 : L\u00e9gislation<\/h3><p style=\"text-align: justify;\">Nous nous effor\u00e7ons de respecter les dispositions l\u00e9gales requises et d&rsquo;\u00eatre conforme au r\u00e8glement europ\u00e9en sur la protection des donn\u00e9es. Toutefois, si vous d\u00e9tectez une anomalie, merci de nous en informer dans les plus brefs d\u00e9lais via notre page de contact. Nous mettrons tout en \u0153uvre pour rem\u00e9dier au probl\u00e8me rencontr\u00e9 si celui-ci est av\u00e9r\u00e9.<\/p>\t\t\t\t\t\t\t\t<\/div>\n\t\t\t\t<\/div>\n\t\t\t\t\t<\/div>\n\t\t<\/div>\n\t\t\t\t\t<\/div>\n\t\t<\/section>\n\t\t\t\t<\/div>\n\t\t","protected":false},"excerpt":{"rendered":"<p>Politique de confidentialit\u00e9 : R\u00e8glement G\u00e9n\u00e9ral sur la Protection des Donn\u00e9es (RGPD) Mer-et-soleil.fr L\u2019entreprise \u00abMer et Soleil\u00bb porte une attention particuli\u00e8re au respect de la vie priv\u00e9e de ses clients et prospects, des utilisateurs du site Internet Mer-et-soleil.fr et de la confidentialit\u00e9 de leurs donn\u00e9es personnelles. L\u2019entreprise \u00abMer et Soleil\u00bb s\u2019engage \u00e0 traiter les donn\u00e9es [&hellip;]<\/p>\n","protected":false},"author":1,"featured_media":0,"parent":0,"menu_order":0,"comment_status":"closed","ping_status":"closed","template":"","meta":{"om_disable_all_campaigns":false,"_monsterinsights_skip_tracking":false,"_monsterinsights_sitenote_active":false,"_monsterinsights_sitenote_note":"","_monsterinsights_sitenote_category":0,"footnotes":""},"class_list":["post-1486","page","type-page","status-publish","hentry"],"yoast_head":"<!-- This site is optimized with the Yoast SEO plugin v26.8 - https:\/\/yoast.com\/product\/yoast-seo-wordpress\/ -->\n<title>Confidentialit\u00e9 &amp; RGPD - Mer et Soleil<\/title>\n<meta name=\"robots\" content=\"index, follow, max-snippet:-1, max-image-preview:large, max-video-preview:-1\" \/>\n<link rel=\"canonical\" href=\"https:\/\/locations-mer-et-soleil.fr\/index.php\/confidentialite-rgpd\/\" \/>\n<meta property=\"og:locale\" content=\"fr_FR\" \/>\n<meta property=\"og:type\" content=\"article\" \/>\n<meta property=\"og:title\" content=\"Confidentialit\u00e9 &amp; RGPD - Mer et Soleil\" \/>\n<meta property=\"og:description\" content=\"Politique de confidentialit\u00e9 : R\u00e8glement G\u00e9n\u00e9ral sur la Protection des Donn\u00e9es (RGPD) Mer-et-soleil.fr L\u2019entreprise \u00abMer et Soleil\u00bb porte une attention particuli\u00e8re au respect de la vie priv\u00e9e de ses clients et prospects, des utilisateurs du site Internet Mer-et-soleil.fr et de la confidentialit\u00e9 de leurs donn\u00e9es personnelles. L\u2019entreprise \u00abMer et Soleil\u00bb s\u2019engage \u00e0 traiter les donn\u00e9es [&hellip;]\" \/>\n<meta property=\"og:url\" content=\"https:\/\/locations-mer-et-soleil.fr\/index.php\/confidentialite-rgpd\/\" \/>\n<meta property=\"og:site_name\" content=\"Mer et Soleil\" \/>\n<meta property=\"article:modified_time\" content=\"2020-12-02T15:45:18+00:00\" \/>\n<meta name=\"twitter:card\" content=\"summary_large_image\" \/>\n<meta name=\"twitter:label1\" content=\"Dur\u00e9e de lecture estim\u00e9e\" \/>\n\t<meta name=\"twitter:data1\" content=\"7 minutes\" \/>\n<script type=\"application\/ld+json\" class=\"yoast-schema-graph\">{\"@context\":\"https:\/\/schema.org\",\"@graph\":[{\"@type\":\"WebPage\",\"@id\":\"https:\/\/locations-mer-et-soleil.fr\/index.php\/confidentialite-rgpd\/\",\"url\":\"https:\/\/locations-mer-et-soleil.fr\/index.php\/confidentialite-rgpd\/\",\"name\":\"Confidentialit\u00e9 & RGPD - Mer et Soleil\",\"isPartOf\":{\"@id\":\"https:\/\/locations-mer-et-soleil.fr\/#website\"},\"datePublished\":\"2020-11-17T15:15:58+00:00\",\"dateModified\":\"2020-12-02T15:45:18+00:00\",\"breadcrumb\":{\"@id\":\"https:\/\/locations-mer-et-soleil.fr\/index.php\/confidentialite-rgpd\/#breadcrumb\"},\"inLanguage\":\"fr-FR\",\"potentialAction\":[{\"@type\":\"ReadAction\",\"target\":[\"https:\/\/locations-mer-et-soleil.fr\/index.php\/confidentialite-rgpd\/\"]}]},{\"@type\":\"BreadcrumbList\",\"@id\":\"https:\/\/locations-mer-et-soleil.fr\/index.php\/confidentialite-rgpd\/#breadcrumb\",\"itemListElement\":[{\"@type\":\"ListItem\",\"position\":1,\"name\":\"Accueil\",\"item\":\"https:\/\/locations-mer-et-soleil.fr\/\"},{\"@type\":\"ListItem\",\"position\":2,\"name\":\"Confidentialit\u00e9 &#038; RGPD\"}]},{\"@type\":\"WebSite\",\"@id\":\"https:\/\/locations-mer-et-soleil.fr\/#website\",\"url\":\"https:\/\/locations-mer-et-soleil.fr\/\",\"name\":\"Mer et Soleil\",\"description\":\"Locations de vacances en Vend\u00e9e. MOBIL-HOME, APPARTEMENT, MAISON.\",\"publisher\":{\"@id\":\"https:\/\/locations-mer-et-soleil.fr\/#organization\"},\"potentialAction\":[{\"@type\":\"SearchAction\",\"target\":{\"@type\":\"EntryPoint\",\"urlTemplate\":\"https:\/\/locations-mer-et-soleil.fr\/?s={search_term_string}\"},\"query-input\":{\"@type\":\"PropertyValueSpecification\",\"valueRequired\":true,\"valueName\":\"search_term_string\"}}],\"inLanguage\":\"fr-FR\"},{\"@type\":\"Organization\",\"@id\":\"https:\/\/locations-mer-et-soleil.fr\/#organization\",\"name\":\"Mer et Soleil\",\"url\":\"https:\/\/locations-mer-et-soleil.fr\/\",\"logo\":{\"@type\":\"ImageObject\",\"inLanguage\":\"fr-FR\",\"@id\":\"https:\/\/locations-mer-et-soleil.fr\/#\/schema\/logo\/image\/\",\"url\":\"https:\/\/locations-mer-et-soleil.fr\/wp-content\/uploads\/2020\/07\/pc.png\",\"contentUrl\":\"https:\/\/locations-mer-et-soleil.fr\/wp-content\/uploads\/2020\/07\/pc.png\",\"width\":537,\"height\":170,\"caption\":\"Mer et Soleil\"},\"image\":{\"@id\":\"https:\/\/locations-mer-et-soleil.fr\/#\/schema\/logo\/image\/\"}}]}<\/script>\n<!-- \/ Yoast SEO plugin. -->","yoast_head_json":{"title":"Confidentialit\u00e9 & RGPD - Mer et Soleil","robots":{"index":"index","follow":"follow","max-snippet":"max-snippet:-1","max-image-preview":"max-image-preview:large","max-video-preview":"max-video-preview:-1"},"canonical":"https:\/\/locations-mer-et-soleil.fr\/index.php\/confidentialite-rgpd\/","og_locale":"fr_FR","og_type":"article","og_title":"Confidentialit\u00e9 & RGPD - Mer et Soleil","og_description":"Politique de confidentialit\u00e9 : R\u00e8glement G\u00e9n\u00e9ral sur la Protection des Donn\u00e9es (RGPD) Mer-et-soleil.fr L\u2019entreprise \u00abMer et Soleil\u00bb porte une attention particuli\u00e8re au respect de la vie priv\u00e9e de ses clients et prospects, des utilisateurs du site Internet Mer-et-soleil.fr et de la confidentialit\u00e9 de leurs donn\u00e9es personnelles. L\u2019entreprise \u00abMer et Soleil\u00bb s\u2019engage \u00e0 traiter les donn\u00e9es [&hellip;]","og_url":"https:\/\/locations-mer-et-soleil.fr\/index.php\/confidentialite-rgpd\/","og_site_name":"Mer et Soleil","article_modified_time":"2020-12-02T15:45:18+00:00","twitter_card":"summary_large_image","twitter_misc":{"Dur\u00e9e de lecture estim\u00e9e":"7 minutes"},"schema":{"@context":"https:\/\/schema.org","@graph":[{"@type":"WebPage","@id":"https:\/\/locations-mer-et-soleil.fr\/index.php\/confidentialite-rgpd\/","url":"https:\/\/locations-mer-et-soleil.fr\/index.php\/confidentialite-rgpd\/","name":"Confidentialit\u00e9 & RGPD - Mer et Soleil","isPartOf":{"@id":"https:\/\/locations-mer-et-soleil.fr\/#website"},"datePublished":"2020-11-17T15:15:58+00:00","dateModified":"2020-12-02T15:45:18+00:00","breadcrumb":{"@id":"https:\/\/locations-mer-et-soleil.fr\/index.php\/confidentialite-rgpd\/#breadcrumb"},"inLanguage":"fr-FR","potentialAction":[{"@type":"ReadAction","target":["https:\/\/locations-mer-et-soleil.fr\/index.php\/confidentialite-rgpd\/"]}]},{"@type":"BreadcrumbList","@id":"https:\/\/locations-mer-et-soleil.fr\/index.php\/confidentialite-rgpd\/#breadcrumb","itemListElement":[{"@type":"ListItem","position":1,"name":"Accueil","item":"https:\/\/locations-mer-et-soleil.fr\/"},{"@type":"ListItem","position":2,"name":"Confidentialit\u00e9 &#038; RGPD"}]},{"@type":"WebSite","@id":"https:\/\/locations-mer-et-soleil.fr\/#website","url":"https:\/\/locations-mer-et-soleil.fr\/","name":"Mer et Soleil","description":"Locations de vacances en Vend\u00e9e. MOBIL-HOME, APPARTEMENT, MAISON.","publisher":{"@id":"https:\/\/locations-mer-et-soleil.fr\/#organization"},"potentialAction":[{"@type":"SearchAction","target":{"@type":"EntryPoint","urlTemplate":"https:\/\/locations-mer-et-soleil.fr\/?s={search_term_string}"},"query-input":{"@type":"PropertyValueSpecification","valueRequired":true,"valueName":"search_term_string"}}],"inLanguage":"fr-FR"},{"@type":"Organization","@id":"https:\/\/locations-mer-et-soleil.fr\/#organization","name":"Mer et Soleil","url":"https:\/\/locations-mer-et-soleil.fr\/","logo":{"@type":"ImageObject","inLanguage":"fr-FR","@id":"https:\/\/locations-mer-et-soleil.fr\/#\/schema\/logo\/image\/","url":"https:\/\/locations-mer-et-soleil.fr\/wp-content\/uploads\/2020\/07\/pc.png","contentUrl":"https:\/\/locations-mer-et-soleil.fr\/wp-content\/uploads\/2020\/07\/pc.png","width":537,"height":170,"caption":"Mer et Soleil"},"image":{"@id":"https:\/\/locations-mer-et-soleil.fr\/#\/schema\/logo\/image\/"}}]}},"_links":{"self":[{"href":"https:\/\/locations-mer-et-soleil.fr\/index.php\/wp-json\/wp\/v2\/pages\/1486","targetHints":{"allow":["GET"]}}],"collection":[{"href":"https:\/\/locations-mer-et-soleil.fr\/index.php\/wp-json\/wp\/v2\/pages"}],"about":[{"href":"https:\/\/locations-mer-et-soleil.fr\/index.php\/wp-json\/wp\/v2\/types\/page"}],"author":[{"embeddable":true,"href":"https:\/\/locations-mer-et-soleil.fr\/index.php\/wp-json\/wp\/v2\/users\/1"}],"replies":[{"embeddable":true,"href":"https:\/\/locations-mer-et-soleil.fr\/index.php\/wp-json\/wp\/v2\/comments?post=1486"}],"version-history":[{"count":23,"href":"https:\/\/locations-mer-et-soleil.fr\/index.php\/wp-json\/wp\/v2\/pages\/1486\/revisions"}],"predecessor-version":[{"id":1892,"href":"https:\/\/locations-mer-et-soleil.fr\/index.php\/wp-json\/wp\/v2\/pages\/1486\/revisions\/1892"}],"wp:attachment":[{"href":"https:\/\/locations-mer-et-soleil.fr\/index.php\/wp-json\/wp\/v2\/media?parent=1486"}],"curies":[{"name":"wp","href":"https:\/\/api.w.org\/{rel}","templated":true}]}}